{"id":792,"date":"2020-12-03T13:37:55","date_gmt":"2020-12-03T13:37:55","guid":{"rendered":"https:\/\/www.bespoke23.com\/dom-perignon\/?page_id=792"},"modified":"2020-12-03T13:39:22","modified_gmt":"2020-12-03T13:39:22","slug":"politica-de-privacidad","status":"publish","type":"page","link":"https:\/\/www.bespoke23.com\/dom-perignon\/politica-de-privacidad\/","title":{"rendered":"Pol\u00edtica de Privacidad"},"content":{"rendered":"<p>[et_pb_section fb_built=&#8221;1&#8243; module_class=&#8221;section_page section_page_legal&#8221; _builder_version=&#8221;4.7.3&#8243;][et_pb_row _builder_version=&#8221;4.4.2&#8243;][et_pb_column type=&#8221;4_4&#8243; _builder_version=&#8221;4.4.2&#8243;][et_pb_code admin_label=&#8221;C\u00f3digo&#8221; _builder_version=&#8221;4.7.3&#8243;]<\/p>\n<div class=\"separador250\"><!-- [et_pb_line_break_holder] -->  <!-- [et_pb_line_break_holder] --><\/div>\n<p>[\/et_pb_code][et_pb_text admin_label=&#8221;Texto&#8221; module_class=&#8221;element_title&#8221; _builder_version=&#8221;4.7.3&#8243;]<\/p>\n<h1>Pol\u00edtica de Privacidad<\/h1>\n<p>[\/et_pb_text][et_pb_text module_class=&#8221;element_text&#8221; _builder_version=&#8221;4.7.3&#8243; hover_enabled=&#8221;0&#8243; sticky_enabled=&#8221;0&#8243;]<\/p>\n<p>BESPOKE23 tiene un firme compromiso con el cumplimiento de las normas de protecci\u00f3n de datos aplicables, contenidas en la Ley Org\u00e1nica 3\/2018, de 5 de diciembre, de Protecci\u00f3n de Datos Personales y garant\u00eda de los derechos digitales y en el Reglamento (UE) 2016\/679 del Parlamento Europeo y del Consejo de 27 de abril de 2016 relativo a la protecci\u00f3n de las personas f\u00edsicas en lo que respecta al tratamiento de datos personales y a la libre circulaci\u00f3n de estos datos y por el que se deroga la Directiva 95\/46\/CE (Reglamento General de protecci\u00f3n de datos)<\/p>\n<h3>I- RESPONSABLE DEL TRATAMIENTO<\/h3>\n<p>\u00bfQui\u00e9nes somos? WP CONCIERGE, S.L con C.I.F B54931324 y domicilio social en C\/Reyes Cat\u00f3licos,31 2A, 03003 Alicante es el responsable del tratamiento de sus datos personales, siendo encargado de utilizar y proteger sus datos conforme a la normativa aplicable.<\/p>\n<h3>II- FINALIDAD DEL TRATAMIENTO Y DATOS Y CATEGOR\u00cdAS DE DATOS TRATADOS<\/h3>\n<p>\u00bfQu\u00e9 informaci\u00f3n podemos obtener sobre usted?<\/p>\n<p>A trav\u00e9s de los distintos servicios y canales de contacto, se pueden recabar los siguientes tipos de datos sobre usted: nombre, direcci\u00f3n postal de facturaci\u00f3n y de env\u00edo, c\u00f3digo postal n\u00fameros de tel\u00e9fono, correo electr\u00f3nico y datos bancarios.<\/p>\n<p>\u00bfC\u00f3mo obtenemos sus datos? Cada vez que ud. contacta directamente con nosotros, a trav\u00e9s de nuestra web http:\/\/www.bespoke23.com\/ y cumplimenta un formulario de registro u operaci\u00f3n de compra, o mediante cualquier l\u00ednea de atenci\u00f3n a clientes, ya sea telef\u00f3nica o v\u00eda email, para solicitar informaci\u00f3n sobre nuestros productos y servicios.<\/p>\n<p>Los productos y servicios de WP CONCIERGE, SL as\u00ed como sus campa\u00f1as promocionales, est\u00e1n dirigidos y pensados para adultos.<\/p>\n<p>Le agradecer\u00edamos que nos ayudase a mantener actualizados sus datos personales inform\u00e1ndonos de cualquier cambio en sus datos de contacto o sus preferencias.<\/p>\n<p>\u00bfPara que se usan sus datos? Sus datos (facilitados online o a trav\u00e9s de cualquier medio de comunicaci\u00f3n con WP CONCIERGE, S.L) se utilizan para ejecutar la prestaci\u00f3n contratada y env\u00edos asociados (finalidad transaccional), as\u00ed como para atender sus consultas, dudas, sugerencias y cualquier actuaci\u00f3n asociada.<\/p>\n<p>Por su parte, la gesti\u00f3n de la contrataci\u00f3n de productos o servicios a trav\u00e9s de la plataforma de pago alojada en la web, facturaci\u00f3n y env\u00edos correspondientes, est\u00e1 legitimada por la propia ejecuci\u00f3n del contrato.<\/p>\n<p>En caso de que ud. lo haya expresamente autorizado, se le remitir\u00e1 informaci\u00f3n promocional, cesando esta comunicaci\u00f3n en el momento que ud. determine.<\/p>\n<p>En los t\u00e9rminos establecidos en la legislaci\u00f3n espa\u00f1ola aplicable, utilizaremos sus datos para dar cumplimiento a la normativa vigente, as\u00ed como verificar el cumplimiento de las obligaciones contractuales, incluida la prevenci\u00f3n de fraude.<\/p>\n<p>Los consentimientos obtenidos para las finalidades mencionadas son independientes por lo que el usuario podr\u00e1 revocar uno o varios de ellos no afectando a los dem\u00e1s<\/p>\n<p>\u00bfPor qu\u00e9 los usamos? Estamos legitimados para tratar sus datos porque tenemos inter\u00e9s leg\u00edtimo en ejecutar el contrato formalizado con ud., asi como resolver sus consultas y satisfacer sus dudas y sugerencias, desarrollando todas las actuaciones asociadas a la prestaci\u00f3n de servicios realizada (facturaci\u00f3n, env\u00edo y entregas..)<\/p>\n<h3>III- COMUNICACI\u00d3N DE DATOS<\/h3>\n<p>\u00bfCon qui\u00e9n compartimos tus datos?<\/p>\n<p>Compartiremos tus datos con prestadores de servicios que nos ayudan o dan soporte, ya sean empresas del grupo o colaboradores externos con quien hemos llegado a un acuerdo que garantiza sus derechos, y ya est\u00e9n ubicados dentro o fuera de la Uni\u00f3n Europea.<\/p>\n<p>En particular, y por lo que respecta a la adquisici\u00f3n de la experiencia de fusi\u00f3n gastron\u00f3mica \u201cCONTRASTES\u201d, sus datos personales ser\u00e1n compartidos con la entidad PAYPAL, a efectos de garantizar una adecuada prestaci\u00f3n del servicio.<\/p>\n<p>Sus datos ser\u00e1n comunicados a los bancos y entidades financieras correspondientes, para proceder al cobro de los servicios ofrecidos, as\u00ed como a las autoridades administrativas y judiciales en virtud de lo establecido en la legislaci\u00f3n espa\u00f1ola.<\/p>\n<h3>IV- DERECHOS<\/h3>\n<p>\u00bfQu\u00e9 derechos tiene ud. como interesado?<\/p>\n<p>Puede enviarnos un escrito a WP CONCIERGE, S.L (C\/Reyes Cat\u00f3licos,31 2A, 03003 Alicante) o un correo electr\u00f3nico a info@bespoke23.com, para ejercitar en cualquier momento y de manera gratuita, los siguientes derechos:<\/p>\n<p>Revocaci\u00f3n de los consentimientos otorgados.<\/p>\n<p>Obtenci\u00f3n de informaci\u00f3n acerca de si WP CONCIERGE, S.L est\u00e1 tratando sus datos personales o no.<\/p>\n<p>Acceder a sus datos personales comunicados.<\/p>\n<p>Rectificar los datos inexactos o incompletos.<\/p>\n<p>Solicitar la supresi\u00f3n de sus datos cuando, entre otros motivos, los datos ya no sean necesarios para los fines que fueron recogidos.<\/p>\n<p>Obtener de WP CONCIERGE, S.L la limitaci\u00f3n del tratamiento de los datos cuando se cumpla alguna de las condiciones previstas en la normativa de protecci\u00f3n de datos.<\/p>\n<p>En determinadas circunstancias y por motivos relacionados con su situaci\u00f3n particular al tratamiento de sus datos, los interesados podr\u00e1n oponerse al tratamiento de sus datos. WP CONCIERGE, S.L dejar\u00e1 de tratar los datos, salvo por motivos leg\u00edtimos imperiosos, o el ejercicio o la defensa de posibles reclamaciones.<\/p>\n<p>Solicitar la portabilidad de sus datos.<\/p>\n<p>Reclamar ante la Agencia Espa\u00f1ola de Protecci\u00f3n de Datos (www.agpd.es con domicilio en la C\/ Jorge Juan, 6 28001-Madrid) cuando el interesado considere que WP CONCIERGE, S.L ha vulnerado los derechos que le son reconocidos por la normativa aplicable en protecci\u00f3n de datos.<\/p>\n<p>[\/et_pb_text][\/et_pb_column][\/et_pb_row][et_pb_row _builder_version=&#8221;4.4.2&#8243;][et_pb_column type=&#8221;4_4&#8243; _builder_version=&#8221;4.4.2&#8243;][et_pb_code _builder_version=&#8221;4.7.3&#8243;]<\/p>\n<div class=\"separador150\"><!-- [et_pb_line_break_holder] -->  <!-- [et_pb_line_break_holder] --><\/div>\n<p>[\/et_pb_code][\/et_pb_column][\/et_pb_row][\/et_pb_section]<\/p>\n","protected":false},"excerpt":{"rendered":"<p>[et_pb_section fb_built=&#8221;1&#8243; module_class=&#8221;section_page section_page_legal&#8221; _builder_version=&#8221;4.7.3&#8243;][et_pb_row _builder_version=&#8221;4.4.2&#8243;][et_pb_column type=&#8221;4_4&#8243; _builder_version=&#8221;4.4.2&#8243;][et_pb_code admin_label=&#8221;C\u00f3digo&#8221; _builder_version=&#8221;4.7.3&#8243;] [\/et_pb_code][et_pb_text admin_label=&#8221;Texto&#8221; module_class=&#8221;element_title&#8221; _builder_version=&#8221;4.7.3&#8243;] Pol\u00edtica de Privacidad [\/et_pb_text][et_pb_text module_class=&#8221;element_text&#8221; _builder_version=&#8221;4.7.3&#8243; hover_enabled=&#8221;0&#8243; sticky_enabled=&#8221;0&#8243;] BESPOKE23 tiene un firme compromiso con el cumplimiento de las normas de protecci\u00f3n de datos aplicables, contenidas en la Ley Org\u00e1nica 3\/2018, de 5 de diciembre, de Protecci\u00f3n de Datos Personales y garant\u00eda [&hellip;]<\/p>\n","protected":false},"author":1,"featured_media":0,"parent":0,"menu_order":0,"comment_status":"closed","ping_status":"closed","template":"","meta":{"_et_pb_use_builder":"on","_et_pb_old_content":"","_et_gb_content_width":""},"_links":{"self":[{"href":"https:\/\/www.bespoke23.com\/dom-perignon\/wp-json\/wp\/v2\/pages\/792"}],"collection":[{"href":"https:\/\/www.bespoke23.com\/dom-perignon\/wp-json\/wp\/v2\/pages"}],"about":[{"href":"https:\/\/www.bespoke23.com\/dom-perignon\/wp-json\/wp\/v2\/types\/page"}],"author":[{"embeddable":true,"href":"https:\/\/www.bespoke23.com\/dom-perignon\/wp-json\/wp\/v2\/users\/1"}],"replies":[{"embeddable":true,"href":"https:\/\/www.bespoke23.com\/dom-perignon\/wp-json\/wp\/v2\/comments?post=792"}],"version-history":[{"count":3,"href":"https:\/\/www.bespoke23.com\/dom-perignon\/wp-json\/wp\/v2\/pages\/792\/revisions"}],"predecessor-version":[{"id":797,"href":"https:\/\/www.bespoke23.com\/dom-perignon\/wp-json\/wp\/v2\/pages\/792\/revisions\/797"}],"wp:attachment":[{"href":"https:\/\/www.bespoke23.com\/dom-perignon\/wp-json\/wp\/v2\/media?parent=792"}],"curies":[{"name":"wp","href":"https:\/\/api.w.org\/{rel}","templated":true}]}}