{"id":779,"date":"2020-12-03T12:08:18","date_gmt":"2020-12-03T12:08:18","guid":{"rendered":"https:\/\/www.bespoke23.com\/dom-perignon\/?page_id=779"},"modified":"2020-12-03T12:09:15","modified_gmt":"2020-12-03T12:09:15","slug":"condiciones-generales-de-venta","status":"publish","type":"page","link":"https:\/\/www.bespoke23.com\/dom-perignon\/condiciones-generales-de-venta\/","title":{"rendered":"Condiciones Generales de Venta"},"content":{"rendered":"<p>[et_pb_section fb_built=&#8221;1&#8243; module_class=&#8221;section_page section_page_legal&#8221; _builder_version=&#8221;4.7.3&#8243;][et_pb_row _builder_version=&#8221;4.4.2&#8243;][et_pb_column type=&#8221;4_4&#8243; _builder_version=&#8221;4.4.2&#8243;][et_pb_code admin_label=&#8221;C\u00f3digo&#8221; _builder_version=&#8221;4.7.3&#8243;]<\/p>\n<div class=\"separador250\"><!-- [et_pb_line_break_holder] -->  <!-- [et_pb_line_break_holder] --><\/div>\n<p>[\/et_pb_code][et_pb_text admin_label=&#8221;Texto&#8221; module_class=&#8221;element_title&#8221; _builder_version=&#8221;4.7.3&#8243;]<\/p>\n<h1>Condiciones Generales de Venta<\/h1>\n<p>[\/et_pb_text][et_pb_text module_class=&#8221;element_text&#8221; _builder_version=&#8221;4.7.3&#8243;]<\/p>\n<p>Las presentes Condiciones constituyen el marco regulador por el que se regir\u00e1 todo contrato (\u201cContrato\u201d) suscrito entre Mo\u00ebt Hennessy Espa\u00f1a, S.A.U. (\u201cMHES\u201d) y el cliente (\u201cComprador\u201d) para el suministro de los productos (\u201cProductos\u201d). Las presentes Condiciones prevalecer\u00e1n sobre cualesquiera otras condiciones aplicables, salvo que el Comprador y MHES acuerden expresamente otra cosa por escrito.<\/p>\n<h3>1.PRECIOS Y DISPONIBILIDAD<\/h3>\n<p>1.1. Los precios que comprenden la m\u00e1s reciente lista de precios de MHES se indican sin IVA. Los precios podr\u00e1n ser modificados por MHES sin previo aviso, siempre que la modificaci\u00f3n sea previa a la aceptaci\u00f3n del pedido del Comprador.<\/p>\n<p>1.2. El cumplimiento de los pedidos estar\u00e1 sujeto a la disponibilidad de los Productos solicitados y, en caso de que la demanda excediese la oferta por el motivo que fuere, MHES podr\u00e1 repartir los Productos disponibles entre sus clientes siguiendo su exclusivo criterio.<\/p>\n<p>1.3. En el supuesto de que el Comprador hubiese realizado el pedido de Productos y no hubiera una cantidad suficiente de los Productos para atender el pedido, MHES se reserva el derecho a elegir entre la no aceptaci\u00f3n del pedido o el cumplimiento del pedido en la parte que falte con Productos equiparables.<\/p>\n<p>1.4. MHES podr\u00e1 no aceptar un pedido en caso de que la aceptaci\u00f3n del mismo pudiera ser causa de que el Comprador excediese el l\u00edmite de cr\u00e9dito concedido al mismo. MHES deber\u00e1 notificar dicha situaci\u00f3n al Comprador a la mayor brevedad.<\/p>\n<p>1.5. No se derivar\u00e1 ninguna obligaci\u00f3n contractual para MHES hasta que notifique la aceptaci\u00f3n por escrito del pedido, que podr\u00e1 efectuar por correo electr\u00f3nico.<\/p>\n<h3>2.ENTREGA Y TRANSPORTE<\/h3>\n<p>2.1. Las fechas de entrega indicadas por MHES son aproximadas. Si no se indicara ninguna fecha de entrega, la entrega tendr\u00e1 lugar en un plazo de tiempo razonable desde la aceptaci\u00f3n por MHES del pedido. El plazo de entrega no ser\u00e1 condici\u00f3n esencial del contrato. MHES realizar\u00e1 la entrega en la direcci\u00f3n especificada por el Comprador y aceptada por MHES o, si no se hubiera especificado y aceptado ninguna direcci\u00f3n en concreto, se realizar\u00e1 bien en las instalaciones de MHES cuyo emplazamiento se habr\u00e1 comunicado por escrito previamente al Comprador. MHES no ser\u00e1 responsable de las p\u00e9rdidas o da\u00f1os, cualquiera que fuera su causa, que pudieran producirse en el cumplimiento de esta cl\u00e1usula y, en particular aunque no exclusivamente, de los da\u00f1os o p\u00e9rdidas de cualquier naturaleza causados por una entrega no puntual o el retraso en la entrega.<\/p>\n<p>2.2. Si el Comprador solicita que la entrega se realice en una fecha anterior a la indicada por MHES, se le repercutir\u00e1 \u00edntegramente el coste del transporte.<\/p>\n<p>2.3. Cualquier env\u00edo al Comprador de un pedido de precio inferior a 800 euros (impuestos no incluidos) o de volumen inferior a 27 litros, se le repercutir\u00e1 al Comprador en su factura un coste adicional por el transporte de 10 euros (impuestos no incluidos).<\/p>\n<h3>3.TRANSMISI\u00d3N DEL DOMINIO Y EL RIESGO<\/h3>\n<p>3.1. El riesgo asociado a la compraventa de los Productos se transferir\u00e1 al Comprador en el momento de la entrega (t\u00e9rmino que incluye la recepci\u00f3n por el Comprador o cualquier agente u otra persona o entidad que act\u00fae en su nombre).<\/p>\n<p>3.2. El dominio de los Productos no se transmitir\u00e1 al Comprador hasta que MHES haya recibido el pago \u00edntegro de todas las cantidades que deban satisfacerse por los Productos. Hasta que se produzca la transmisi\u00f3n del dominio al Comprador, \u00e9ste (a) tendr\u00e1 los Productos en calidad de depositario de MHES; (b) almacenar\u00e1 los Productos por separado de todas las dem\u00e1s mercanc\u00edas del Comprador o de cualquier tercero, debidamente identificadas como pertenecientes a MHES; y (c) conservar\u00e1 los Productos en un estado satisfactorio y asegurados en beneficio de MHES por su precio total contra todos los riesgos, en particular, aunque no exclusivamente, contra el riesgo de robo y destrucci\u00f3n por cualquier motivo. Si le fuera solicitado por MHES, el Comprador deber\u00e1 acreditar la contrataci\u00f3n de dicho seguro.<\/p>\n<p>3.3. El Comprador podr\u00e1 vender los Productos antes de producirse la transmisi\u00f3n del dominio, si bien \u00fanicamente si la venta se efect\u00faa dentro del tr\u00e1fico mercantil ordinario del Comprador a su valor completo de mercado y entendi\u00e9ndose que en ese caso se trata de una venta de bienes propiedad de MHES realizada por cuenta de MHES.<\/p>\n<p>3.4. El Comprador acepta que, antes de realizarse el pago de los Productos en posesi\u00f3n del Comprador, haya o no vencido dicho pago, MHES tendr\u00e1 derecho a acceder, en cualquier momento, a las instalaciones en las que se encuentren los Productos y recuperar la posesi\u00f3n de los mismos.<\/p>\n<h3>4. VENTA O DEVOLUCI\u00d3N<\/h3>\n<p>4.1. Los Productos no se suministran en r\u00e9gimen de venta o devoluci\u00f3n y, por tanto, no podr\u00e1n ser devueltos una vez realizada la entrega salvo acuerdo expreso por escrito de MHES o en los supuestos previstos en la cl\u00e1usula 6 de las presentes Condiciones.<\/p>\n<h3>5. ALMACENAMIENTO Y COLOCACI\u00d3N<\/h3>\n<p>5.1. El Comprador se compromete a almacenar y, en su caso, colocar los Productos en las condiciones necesarias para preservar la calidad de los Productos y su aspecto exterior.<\/p>\n<p>5.2. MHES no ser\u00e1 responsable de los da\u00f1os o p\u00e9rdidas que pudiera sufrir el Comprador si \u00e9ste no cumpliera las obligaciones que se derivan de esta cl\u00e1usula.<\/p>\n<h3>6. CUMPLIMIENTO DEL PEDIDO Y RECLAMACIONES<\/h3>\n<p>6.1. A la entrega de los Productos, ser\u00e1 obligaci\u00f3n del Comprador examinar inmediatamente los mismos para comprobar si la cantidad coincide con el n\u00famero indicado en la nota de entrega y las condiciones de los Productos. En caso de observar diferencias en cuanto a la descripci\u00f3n de los Productos o la cantidad de los mismos o da\u00f1os materiales en \u00e9stos, MHES no ser\u00e1 responsable frente al Comprador si \u00e9ste no hiciera constar todas las diferencias de descripci\u00f3n o cantidad o los da\u00f1os observados en la nota de entrega o no informara de ello, con el suficiente pormenor, en un correo electr\u00f3nico dirigido a MHES dentro de las 24 horas siguientes a la entrega. Todos los Productos da\u00f1ados deber\u00e1n ser conservados por el Comprador para su inspecci\u00f3n por MHES durante un periodo de 4 semanas.<\/p>\n<h3>7. RESPONSABILIDAD DERIVADA DE LOS PRODUCTOS<\/h3>\n<p>7.1. MHES no tendr\u00e1 responsabilidad alguna por los da\u00f1os personales o materiales que pudieran causarse salvo la prescrita por el derecho nacional y europeo, y en caso de que fuera exigible, solamente responder\u00e1 de los da\u00f1os derivados del uso razonable de los Productos.<\/p>\n<h3>8. FUERZA MAYOR<\/h3>\n<p>8.1. Por fuerza mayor se entender\u00e1 cualquier circunstancia que escape al control razonable de MHES, incluida la rotura de maquinaria de producci\u00f3n, incendios, guerras, motines, disturbios sociales, huelgas locales o nacionales, falta de entrega, entrega deficiente o retraso en la entrega por parte de proveedores, malas a\u00f1adas, escasez de mano de obra o de combustible, restricciones al comercio o la circulaci\u00f3n de moneda, intervenci\u00f3n del estado, etc. Si el cumplimiento de las obligaciones de MHES se viera retrasado o impedido por circunstancias que constituyan fuerza mayor, la obligaci\u00f3n de MHES de cumplir sus obligaciones quedar\u00e1 suspendida durante el tiempo que se prolongasen dichas circunstancias, prorrog\u00e1ndose por ese mismo tiempo los plazos para el cumplimiento de las obligaciones. Asimismo, si el cumplimiento de las obligaciones por MHES resultara poco econ\u00f3mico o imposible debido a alguna causa de fuerza mayor, MHES no tendr\u00e1 que cumplir con sus obligaciones.<\/p>\n<h3>9. CONDICIONES ECON\u00d3MICAS<\/h3>\n<p>9.1. El pago se efectuar\u00e1 en las condiciones fijadas en cada una de las facturas emitidas. MHES se reserva el derecho a retener los suministros y suspender env\u00edos posteriores en caso de demora en cualquiera de los pagos. Si un impago se prolongase durante m\u00e1s de 60 d\u00edas, MHES podr\u00e1 anular el pedido sin perjuicio de su derecho a reclamar el pago de todas las cantidades pendientes de pago al Comprador.<\/p>\n<p>9.2. Si no se realizara un pago en su fecha de vencimiento, todas las cantidades adeudadas a MHES por la venta de otros productos al Comprador, con independencia de la fecha de la venta, se declarar\u00e1n inmediatamente vencidas y exigibles. Si no se realizara un pago a su vencimiento, MHES podr\u00e1 destinar al pago de los Productos cualquier cantidad abonada por el Comprador por cualquier otro contrato suscrito entre MHES y el Comprador.<\/p>\n<p>9.3. El Comprador deber\u00e1 pagar un inter\u00e9s legal por todas las cantidades vencidas y pendientes de pago, comenzando a devengarse dicho inter\u00e9s el d\u00eda inmediatamente siguiente a la fecha de vencimiento.<\/p>\n<h3>10. EXPORTACIONES FUERA DEL EEE<\/h3>\n<p>10.1. El Comprador no podr\u00e1 exportar los Productos, directa o indirectamente, fuera del Espacio Econ\u00f3mico Europeo sin el previo consentimiento por escrito de MHES. En caso de incumplimiento de esta cl\u00e1usula, MHES se reserva el derecho a suspender las entregas y a ejercer contra el Comprador una acci\u00f3n de cesaci\u00f3n de actividad o una acci\u00f3n indemnizatoria.<\/p>\n<h3>11. PRESENTACI\u00d3N Y ENVASADO DE PRODUCTOS<\/h3>\n<p>11.1. Todos los Productos envasados adquiridos a MHES deber\u00e1n:<\/p>\n<p>11.1.1. Ser revendidos o utilizados por el Comprador solamente en las condiciones en que son vendidos o que establezca MHES y, en particular, todas las botellas, envases, etiquetas, c\u00e1psulas, tapones y dem\u00e1s elementos de envasado deber\u00e1n permanecer intactos e inalterados, sin ning\u00fan tipo de a\u00f1adido, variaci\u00f3n o supresi\u00f3n;<\/p>\n<p>11.1.2. Ser servidos desde o en el envase y en la condici\u00f3n en que fueran vendidos por MHES o que \u00e9sta determine.<\/p>\n<p>11.2. No ser revendidos si el c\u00f3digo de barras de la botella hubiera sido borrado o da\u00f1ado o hecho ilegible de cualquier otro modo.<\/p>\n<h3>12.LEGISLACI\u00d3N APLICABLE Y VALIDEZ. RENUNCIA<\/h3>\n<p>12.1. El Contrato se regir\u00e1 e interpretar\u00e1 en todos sus extremos por la legislaci\u00f3n espa\u00f1ola y los conflictos que pudieran suscitarse en relaci\u00f3n con el mismo se someter\u00e1n a la jurisdicci\u00f3n de los tribunales de Barcelona. Cualquier disposici\u00f3n de las presentes Condiciones que resultara nula o inaplicable de acuerdo con cualquier legislaci\u00f3n aplicable se considerar\u00e1 excluida del Contrato en aquella parte que fuera ineficaz o inaplicable, no afectando dicha ineficacia o inaplicabilidad a la validez del resto del Contrato.<\/p>\n<p>12.2. La renuncia por cualquiera de las partes a ejercer cualquier acci\u00f3n derivada del Contrato por incumplimiento de la otra parte no se considerar\u00e1 renuncia a las acciones derivadas de cualquier incumplimiento posterior y no afectar\u00e1 de ning\u00fan modo al derecho a exigir el cumplimiento de cualesquiera otras condiciones del Contrato.<\/p>\n<h3>13. PROPIEDAD INTELECTUAL<\/h3>\n<p>13.1 El Comprador reconoce expresamente los derechos exclusivos de MHES sobre todas las marcas comerciales registradas y no registradas propiedad de MHES, los nombres comerciales, nombres de dominios, fondos de comercio, as\u00ed como el derecho a demandar por falsear cualquier derecho de autor, derechos sobre bases de datos, derechos sobre dise\u00f1os y otros derechos de propiedad intelectual, est\u00e9n o no registrados, propiedad de MHES e incluyendo todas las aplicaciones y renovaciones o ampliaciones de tales derechos, y todos los derechos similares o equivalentes o formas de protecci\u00f3n que existan en un futuro.<\/p>\n<p>13.2 El Comprador no deber\u00e1 utilizar las marcas comerciales ni cualquier otro derecho de propiedad intelectual de MHES en ninguna p\u00e1gina de red social para otro prop\u00f3sito que no sea la venta de los Productos de acuerdo con las presentes Condiciones y exclusivamente usando im\u00e1genes y representaciones visuales de los Productos proporcionados por la MHES.<\/p>\n<h3>14. PROTECCI\u00d3N DE DATOS<\/h3>\n<p>El Comprador y, en su caso, su representante, quedan informados de que sus datos de car\u00e1cter personal ser\u00e1n tratados por MO\u00cbT HENNESSY ESPA\u00d1A, S.A.U. con la finalidad de permitir el desarrollo, cumplimiento y control de la relaci\u00f3n de prestaci\u00f3n de servicios concertada, siendo la base del tratamiento el cumplimiento de la relaci\u00f3n contractual. Los datos ser\u00e1n conservados durante todo el tiempo en que esta subsista y a\u00fan despu\u00e9s, hasta que prescriban las eventuales responsabilidades derivadas de ella. Los datos podr\u00e1n ser comunicados a bancos y entidades financieras, para la gesti\u00f3n de cobros y pagos y a las Administraciones P\u00fablicas en los casos previstos en la Ley, para los fines en ellos definidos. El Comprador podr\u00e1 solicitar el acceso a los datos personales, su rectificaci\u00f3n, su supresi\u00f3n, oposici\u00f3n, portabilidad de los datos y limitaci\u00f3n de su tratamiento, en la siguiente direcci\u00f3n de correo electr\u00f3nico privacy-spain@moethennessy.com, as\u00ed como formular una reclamaci\u00f3n ante la Agencia Espa\u00f1ola de Protecci\u00f3n de Datos.<\/p>\n<h3>15. VENTA DIRECTA AL CONSUMIDOR FINAL<\/h3>\n<p>En el supuesto de que MHES vendiera directamente a Consumidor Final, ser\u00e1 de aplicaci\u00f3n la normativa sobre consumo vigente en cada momento. En todo lo no previsto en dicha normativa, ser\u00e1n de aplicaci\u00f3n las presentes Condiciones Generales de Venta.<\/p>\n<p>[\/et_pb_text][\/et_pb_column][\/et_pb_row][et_pb_row _builder_version=&#8221;4.4.2&#8243;][et_pb_column type=&#8221;4_4&#8243; _builder_version=&#8221;4.4.2&#8243;][et_pb_code _builder_version=&#8221;4.7.3&#8243; hover_enabled=&#8221;0&#8243; sticky_enabled=&#8221;0&#8243;]<\/p>\n<div class=\"separador150\"><!-- [et_pb_line_break_holder] -->  <!-- [et_pb_line_break_holder] --><\/div>\n<p>[\/et_pb_code][\/et_pb_column][\/et_pb_row][\/et_pb_section]<\/p>\n","protected":false},"excerpt":{"rendered":"<p>[et_pb_section fb_built=&#8221;1&#8243; module_class=&#8221;section_page section_page_legal&#8221; _builder_version=&#8221;4.7.3&#8243;][et_pb_row _builder_version=&#8221;4.4.2&#8243;][et_pb_column type=&#8221;4_4&#8243; _builder_version=&#8221;4.4.2&#8243;][et_pb_code admin_label=&#8221;C\u00f3digo&#8221; _builder_version=&#8221;4.7.3&#8243;] [\/et_pb_code][et_pb_text admin_label=&#8221;Texto&#8221; module_class=&#8221;element_title&#8221; _builder_version=&#8221;4.7.3&#8243;] Condiciones Generales de Venta [\/et_pb_text][et_pb_text module_class=&#8221;element_text&#8221; _builder_version=&#8221;4.7.3&#8243;] Las presentes Condiciones constituyen el marco regulador por el que se regir\u00e1 todo contrato (\u201cContrato\u201d) suscrito entre Mo\u00ebt Hennessy Espa\u00f1a, S.A.U. (\u201cMHES\u201d) y el cliente (\u201cComprador\u201d) para el suministro de los productos (\u201cProductos\u201d). Las [&hellip;]<\/p>\n","protected":false},"author":1,"featured_media":0,"parent":0,"menu_order":0,"comment_status":"closed","ping_status":"closed","template":"","meta":{"_et_pb_use_builder":"on","_et_pb_old_content":"","_et_gb_content_width":""},"_links":{"self":[{"href":"https:\/\/www.bespoke23.com\/dom-perignon\/wp-json\/wp\/v2\/pages\/779"}],"collection":[{"href":"https:\/\/www.bespoke23.com\/dom-perignon\/wp-json\/wp\/v2\/pages"}],"about":[{"href":"https:\/\/www.bespoke23.com\/dom-perignon\/wp-json\/wp\/v2\/types\/page"}],"author":[{"embeddable":true,"href":"https:\/\/www.bespoke23.com\/dom-perignon\/wp-json\/wp\/v2\/users\/1"}],"replies":[{"embeddable":true,"href":"https:\/\/www.bespoke23.com\/dom-perignon\/wp-json\/wp\/v2\/comments?post=779"}],"version-history":[{"count":3,"href":"https:\/\/www.bespoke23.com\/dom-perignon\/wp-json\/wp\/v2\/pages\/779\/revisions"}],"predecessor-version":[{"id":784,"href":"https:\/\/www.bespoke23.com\/dom-perignon\/wp-json\/wp\/v2\/pages\/779\/revisions\/784"}],"wp:attachment":[{"href":"https:\/\/www.bespoke23.com\/dom-perignon\/wp-json\/wp\/v2\/media?parent=779"}],"curies":[{"name":"wp","href":"https:\/\/api.w.org\/{rel}","templated":true}]}}