{"id":661,"date":"2020-11-29T22:22:36","date_gmt":"2020-11-29T22:22:36","guid":{"rendered":"http:\/\/localhost\/bespoke\/?page_id=661"},"modified":"2020-12-03T19:07:19","modified_gmt":"2020-12-03T19:07:19","slug":"politica-de-cookies","status":"publish","type":"page","link":"https:\/\/www.bespoke23.com\/dom-perignon\/politica-de-cookies\/","title":{"rendered":"Pol\u00edtica de cookies"},"content":{"rendered":"<p>[et_pb_section fb_built=&#8221;1&#8243; module_class=&#8221;section_page section_page_legal&#8221; _builder_version=&#8221;4.7.3&#8243;][et_pb_row _builder_version=&#8221;4.4.2&#8243;][et_pb_column type=&#8221;4_4&#8243; _builder_version=&#8221;4.4.2&#8243;][et_pb_code admin_label=&#8221;C\u00f3digo&#8221; _builder_version=&#8221;4.4.2&#8243;]<\/p>\n<div class=\"separador250\"><!-- [et_pb_line_break_holder] -->  <!-- [et_pb_line_break_holder] --><\/div>\n<p>[\/et_pb_code][et_pb_text admin_label=&#8221;Texto&#8221; module_class=&#8221;element_title&#8221; _builder_version=&#8221;4.7.3&#8243;]<\/p>\n<h1>Pol\u00edtica de Cookies<\/h1>\n<p>[\/et_pb_text][et_pb_text module_class=&#8221;element_text&#8221; _builder_version=&#8221;4.7.3&#8243; hover_enabled=&#8221;0&#8243; sticky_enabled=&#8221;0&#8243;]<\/p>\n<p>En cumplimiento de la Ley 34\/2002, de 11 de julio, de Servicios de la Sociedad de la Informaci\u00f3n y de Comercio Electr\u00f3nico (LSSI-CE), bespoke23 informa que es titular del sitio web: www.bespoke23.com. De acuerdo con la exigencia del art\u00edculo 10 de la citada Ley,bespoke23 informa de los siguientes datos:<br \/>El titular de este sitio web es bespoke23, con CIF B86292240 y domicilio social en C\/ALEMANIA, 4-1\u00baA 28939 ARROYOMOLINOS, MADRID, inscrita en el Registro Mercantil, en el tomo 29.267, folio 50, hoja M-526.877 e inscripci\u00f3n 1\u00aa. La direcci\u00f3n de correo electr\u00f3nico de contacto con la empresa es: info@bespoke23.com.<\/p>\n<h3>USUARIO Y R\u00c9GIMEN DE RESPONSABILIDADES<\/h3>\n<p>La navegaci\u00f3n, acceso y uso por el sitio web de bespoke23 confiere la condici\u00f3n de usuario, por la que se aceptan, desde la navegaci\u00f3n por el sitio web de bespoke23, todas las condiciones de uso aqu\u00ed establecidas sin perjuicio de la aplicaci\u00f3n de la correspondiente normativa de obligado cumplimiento legal seg\u00fan el caso.<br \/>El sitio web de bespoke23 proporciona gran diversidad de informaci\u00f3n, servicios y datos. El usuario asume su responsabilidad en el uso correcto del sitio web. Esta responsabilidad se extender\u00e1 a:<br \/>La veracidad y licitud de las informaciones aportadas por el usuario en los formularios extendidos por bespoke23 para el acceso a ciertos contenidos o servicios ofrecidos por el web.<\/p>\n<p>El uso de la informaci\u00f3n, servicios y datos ofrecidos por bespoke23 contrariamente a lo dispuesto por las presentes condiciones, la Ley, la moral, las buenas costumbres o el orden p\u00fablico, o que de cualquier otro modo puedan suponer lesi\u00f3n de los derechos de terceros o del mismo funcionamiento del sitio web.<\/p>\n<h3>POL\u00cdTICA DE ENLACES Y EXENCIONES DE RESPONSABILIDAD<\/h3>\n<p>bespoke23 no se hace responsable del contenido de los sitios web a los que el usuario pueda acceder a trav\u00e9s de los enlaces establecidos en su sitio web y declara que en ning\u00fan caso proceder\u00e1 a examinar o ejercitar ning\u00fan tipo de control sobre el contenido de otros sitios de la red. Asimismo, tampoco garantizar\u00e1 la disponibilidad t\u00e9cnica, exactitud, veracidad, validez o legalidad de sitios ajenos a su propiedad a los que se pueda acceder por medio de los enlaces.<br \/>bespoke23 declara haber adoptado todas las medidas necesarias para evitar cualesquiera da\u00f1os a los usuarios de su sitio web, que pudieran derivarse de la navegaci\u00f3n por su sitio web. En consecuencia, bespoke23 no se hace responsable, en ning\u00fan caso, de los eventuales da\u00f1os que por la navegaci\u00f3n por Internet pudiera sufrir el usuario.<\/p>\n<h3>MODIFICACIONES<\/h3>\n<p>bespoke23 se reserva el derecho a realizar las modificaciones que considere oportunas, sin aviso previo, en el contenido de su sitio web. Tanto en lo referente a los contenidos del sitio web, como en las condiciones de uso del mismo, o en las condiciones generales de contrataci\u00f3n. Dichas modificaciones podr\u00e1n realizarse a trav\u00e9s de su sitio web por cualquier forma admisible en derecho y ser\u00e1n de obligado cumplimiento durante el tiempo en que se encuentren publicadas en el web y hasta que no sean modificadas v\u00e1lidamente por otras posteriores.<\/p>\n<h3>RESERVA DE COOKIES<\/h3>\n<p>Una Cookie es un fichero que se descarga en su ordenador al acceder a determinadas p\u00e1ginas web. Las cookies permiten a una p\u00e1gina web, entre otras cosas, almacenar y recuperar informaci\u00f3n sobre los h\u00e1bitos de navegaci\u00f3n de un usuario o de su equipo y, dependiendo de la informaci\u00f3n que contenga y de la forma en que utilice su equipo, pueden utilizarse para reconocer al usuario.<br \/>Las cookies son esenciales para el funcionamiento de internet, aportando innumerables ventajas en la prestaci\u00f3n de servicios interactivos, facilit\u00e1ndole la navegaci\u00f3n y usabilidad de nuestra web.<\/p>\n<p>Seg\u00fan lo dispuesto en el art\u00edculo 22.2 de la Ley 34\/2002, de 11 de julio, de Servicios de la Sociedad de la Informaci\u00f3n y de Comercio Electr\u00f3nico (LSSI-CE), bespoke23 informa de las cookies utilizadas en nuestra website:<br \/>Google Analytics: Almacena cookies para poder elaborar estad\u00edsticas sobre el tr\u00e1fico y volumen de visitas de esta web. Al utilizar este sitio web est\u00e1 consintiendo el tratamiento de informaci\u00f3n acerca de usted por Google. Por tanto, el ejercicio de cualquier derecho en este sentido deber\u00e1 hacerlo comunicando directamente con Google.<br \/>Zopim: nos permite live chat para dar soporte y resolver dudas de forma directa a los clientes y usuarios de la web.<\/p>\n<p>Redes sociales: Cada red social utiliza sus propias cookies para que usted pueda pinchar en botones del tipo Me gusta o Compartir.<br \/>Asimismo, bespoke23 informa al usuario de que tiene la posibilidad de configurar su navegador de modo que se le informe de la recepci\u00f3n de cookies, pudiendo, si as\u00ed lo desea, impedir que sean instaladas en su disco duro.<\/p>\n<p>A continuaci\u00f3n le proporcionamos los enlaces de diversos navegadores, a trav\u00e9s de los cuales podr\u00e1 realizar dicha configuraci\u00f3n:<br \/>Firefox desde aqu\u00ed: http:\/\/support.mozilla.org\/es\/kb\/habilitar-y-deshabilitar-cookies-que-los-sitios-we<br \/>Chrome desde aqu\u00ed: http:\/\/support.google.com\/chrome\/bin\/answer.py?hl=es&amp;answer=95647<br \/>Explorer desde aqu\u00ed: http:\/\/windows.microsoft.com\/es-es\/internet-explorer\/delete-manage-cookies#ie=ie-10<br \/>Safari desde aqu\u00ed: http:\/\/support.apple.com\/kb\/ph5042<br \/>Opera desde aqu\u00ed: http:\/\/help.opera.com\/Windows\/11.50\/es-ES\/cookies.html<\/p>\n<h3>PROTECCI\u00d3N DE DATOS<\/h3>\n<p>De conformidad con lo que establece la Ley Org\u00e1nica 15\/1999 de Protecci\u00f3n de Datos de Car\u00e1cter Personal (LOPD), bespoke23 informa a los usuarios de su sitio web que los datos personales recabados por la empresa, mediante los formularios sitos en su sitio web, ser\u00e1n introducidos en un fichero automatizado bajo la responsabilidad de bespoke23, con la finalidad de poder facilitar, agilizar y cumplir los compromisos establecidos entre ambas partes.<\/p>\n<p>Asimismo, bespoke23 informa de la posibilidad de ejercer los derechos de acceso, cancelaci\u00f3n, rectificaci\u00f3n y oposici\u00f3n mediante un escrito a la direcci\u00f3n: C\/ALEMANIA, 4-1\u00baA 28939 ARROYOMOLINOS, MADRID.<br \/>Mientras el usuario no comunique lo contrario a bespoke23, \u00e9sta entender\u00e1 que sus datos no han sido modificados, que el usuario se compromete a notificar a bespoke23 cualquier variaci\u00f3n y que bespoke23 tiene el consentimiento para utilizarlos a fin de poder fidelizar la relaci\u00f3n entre las partes.<\/p>\n<h3>PROPIEDAD INTELECTUAL<\/h3>\n<p>Los derechos de propiedad intelectual e industrial derivados de todos los textos, im\u00e1genes, as\u00ed como de los medios y formas de presentaci\u00f3n y montaje de su sitio web pertenecen, por s\u00ed o como cesionaria, a bespoke23 Ser\u00e1n, por consiguiente, obras protegidas como propiedad intelectual por el ordenamiento jur\u00eddico espa\u00f1ol, si\u00e9ndoles aplicables tanto la normativa espa\u00f1ola y comunitaria en este campo, como los tratados internacionales relativos a la materia y suscritos por Espa\u00f1a.<\/p>\n<p>Todos los derechos reservados. En cumplimiento de la Ley de la Propiedad Intelectual se proh\u00edbe expresamente la reproducci\u00f3n, distribuci\u00f3n, comunicaci\u00f3n p\u00fablica y utilizaci\u00f3n, de la totalidad o parte de los contenidos de su sitio web sin el consentimiento expreso de bespoke23.<\/p>\n<h3>ACCIONES LEGALES, LEGISLACI\u00d3N APLICABLE Y JURISDICCI\u00d3N<\/h3>\n<p>bespoke23 se reserva, asimismo, la facultad de presentar las acciones civiles o penales que considere oportunas por la utilizaci\u00f3n indebida de su sitio web y contenidos o por el incumplimiento de las presentes condiciones.<\/p>\n<p>La relaci\u00f3n entre el usuario y el prestador se regir\u00e1 por la normativa vigente y de aplicaci\u00f3n en el territorio espa\u00f1ol. De surgir cualquier controversia las partes podr\u00e1n someter sus conflictos a arbitraje o acudir a la jurisdicci\u00f3n ordinaria cumpliendo con las normas sobre jurisdicci\u00f3n y competencia al respecto. bespoke23 tiene su domicilio en Madrid, Espa\u00f1a.<\/p>\n<p>[\/et_pb_text][\/et_pb_column][\/et_pb_row][et_pb_row _builder_version=&#8221;4.4.2&#8243;][et_pb_column type=&#8221;4_4&#8243; _builder_version=&#8221;4.4.2&#8243;][et_pb_code _builder_version=&#8221;4.4.2&#8243;]<\/p>\n<div class=\"separador90\"><!-- [et_pb_line_break_holder] -->  <!-- [et_pb_line_break_holder] --><\/div>\n<p>[\/et_pb_code][\/et_pb_column][\/et_pb_row][\/et_pb_section]<\/p>\n","protected":false},"excerpt":{"rendered":"<p>[et_pb_section fb_built=&#8221;1&#8243; module_class=&#8221;section_page section_page_legal&#8221; _builder_version=&#8221;4.7.3&#8243;][et_pb_row _builder_version=&#8221;4.4.2&#8243;][et_pb_column type=&#8221;4_4&#8243; _builder_version=&#8221;4.4.2&#8243;][et_pb_code admin_label=&#8221;C\u00f3digo&#8221; _builder_version=&#8221;4.4.2&#8243;] [\/et_pb_code][et_pb_text admin_label=&#8221;Texto&#8221; module_class=&#8221;element_title&#8221; _builder_version=&#8221;4.7.3&#8243;] Pol\u00edtica de Cookies [\/et_pb_text][et_pb_text module_class=&#8221;element_text&#8221; _builder_version=&#8221;4.7.3&#8243; hover_enabled=&#8221;0&#8243; sticky_enabled=&#8221;0&#8243;] En cumplimiento de la Ley 34\/2002, de 11 de julio, de Servicios de la Sociedad de la Informaci\u00f3n y de Comercio Electr\u00f3nico (LSSI-CE), bespoke23 informa que es titular del sitio web: www.bespoke23.com. De [&hellip;]<\/p>\n","protected":false},"author":1,"featured_media":0,"parent":0,"menu_order":0,"comment_status":"closed","ping_status":"closed","template":"","meta":{"_et_pb_use_builder":"on","_et_pb_old_content":"","_et_gb_content_width":""},"_links":{"self":[{"href":"https:\/\/www.bespoke23.com\/dom-perignon\/wp-json\/wp\/v2\/pages\/661"}],"collection":[{"href":"https:\/\/www.bespoke23.com\/dom-perignon\/wp-json\/wp\/v2\/pages"}],"about":[{"href":"https:\/\/www.bespoke23.com\/dom-perignon\/wp-json\/wp\/v2\/types\/page"}],"author":[{"embeddable":true,"href":"https:\/\/www.bespoke23.com\/dom-perignon\/wp-json\/wp\/v2\/users\/1"}],"replies":[{"embeddable":true,"href":"https:\/\/www.bespoke23.com\/dom-perignon\/wp-json\/wp\/v2\/comments?post=661"}],"version-history":[{"count":6,"href":"https:\/\/www.bespoke23.com\/dom-perignon\/wp-json\/wp\/v2\/pages\/661\/revisions"}],"predecessor-version":[{"id":825,"href":"https:\/\/www.bespoke23.com\/dom-perignon\/wp-json\/wp\/v2\/pages\/661\/revisions\/825"}],"wp:attachment":[{"href":"https:\/\/www.bespoke23.com\/dom-perignon\/wp-json\/wp\/v2\/media?parent=661"}],"curies":[{"name":"wp","href":"https:\/\/api.w.org\/{rel}","templated":true}]}}