{"id":571,"date":"2020-11-29T10:33:16","date_gmt":"2020-11-29T10:33:16","guid":{"rendered":"http:\/\/localhost\/bespoke\/?page_id=571"},"modified":"2020-12-07T11:30:18","modified_gmt":"2020-12-07T11:30:18","slug":"landing-dom-perignon","status":"publish","type":"page","link":"https:\/\/www.bespoke23.com\/dom-perignon\/","title":{"rendered":"Landing Dom Perignon"},"content":{"rendered":"<p>[et_pb_section fb_built=&#8221;1&#8243; module_class=&#8221;section_domperignon_hero&#8221; _builder_version=&#8221;4.7.3&#8243; _module_preset=&#8221;default&#8221;][et_pb_row column_structure=&#8221;1_3,1_3,1_3&#8243; _builder_version=&#8221;4.7.3&#8243; _module_preset=&#8221;default&#8221;][et_pb_column type=&#8221;1_3&#8243; _builder_version=&#8221;4.7.3&#8243; _module_preset=&#8221;default&#8221;][et_pb_text _builder_version=&#8221;4.7.3&#8243; _module_preset=&#8221;default&#8221; animation_style=&#8221;fade&#8221; animation_duration=&#8221;1500ms&#8221; animation_delay=&#8221;300ms&#8221; hover_transition_speed_curve=&#8221;ease-in-out&#8221;]<\/p>\n<h1>Ya puede <br \/>conseguir la <br \/>edici\u00f3n limitada <br \/><strong>CONTRASTES <br \/><\/strong><strong>de Dom P\u00e9rignon <br \/>x Albert Adri\u00e0<\/strong><\/h1>\n<p>[\/et_pb_text][\/et_pb_column][et_pb_column type=&#8221;1_3&#8243; _builder_version=&#8221;4.7.3&#8243; _module_preset=&#8221;default&#8221;][\/et_pb_column][et_pb_column type=&#8221;1_3&#8243; _builder_version=&#8221;4.7.3&#8243; _module_preset=&#8221;default&#8221;][et_pb_text _builder_version=&#8221;4.7.3&#8243; _module_preset=&#8221;default&#8221; animation_style=&#8221;fade&#8221; animation_duration=&#8221;1500ms&#8221; animation_delay=&#8221;300ms&#8221; hover_enabled=&#8221;0&#8243; sticky_enabled=&#8221;0&#8243;]<\/p>\n<h2>100 PIEZAS DISPONIBLES<\/h2>\n<p>Una degustaci\u00f3n in\u00e9dita en casa en la que descubrir\u00e1 todos los <strong>matices del vintage 2010 potenciados con los snacks del chef Albert Adri\u00e0.<\/strong><\/p>\n<p>[\/et_pb_text][et_pb_wc_add_to_cart product=&#8221;623&#8243; show_quantity=&#8221;off&#8221; show_stock=&#8221;off&#8221; _builder_version=&#8221;4.7.3&#8243; _module_preset=&#8221;default&#8221; animation_style=&#8221;fade&#8221; animation_duration=&#8221;1500ms&#8221; animation_delay=&#8221;300ms&#8221;][\/et_pb_wc_add_to_cart][\/et_pb_column][\/et_pb_row][\/et_pb_section][et_pb_section fb_built=&#8221;1&#8243; module_class=&#8221;section_domperignon_desc&#8221; _builder_version=&#8221;4.7.3&#8243; _module_preset=&#8221;default&#8221;][et_pb_row _builder_version=&#8221;4.7.3&#8243; _module_preset=&#8221;default&#8221;][et_pb_column type=&#8221;4_4&#8243; _builder_version=&#8221;4.7.3&#8243; _module_preset=&#8221;default&#8221;][et_pb_code _builder_version=&#8221;4.7.3&#8243; _module_preset=&#8221;default&#8221;]<\/p>\n<div class=\"separador90\"><!-- [et_pb_line_break_holder] -->  <!-- [et_pb_line_break_holder] --><\/div>\n<p>[\/et_pb_code][et_pb_text _builder_version=&#8221;4.7.3&#8243; _module_preset=&#8221;default&#8221; animation_style=&#8221;fade&#8221; animation_duration=&#8221;1200ms&#8221; animation_delay=&#8221;400ms&#8221;]<\/p>\n<h3>Bienvenido a la <br \/><strong>experiencia de CONTRASTES <\/strong> creada por <br \/>Dom P\u00e9rignon y Albert Adri\u00e0.<\/h3>\n<p>[\/et_pb_text][et_pb_code _builder_version=&#8221;4.7.3&#8243; _module_preset=&#8221;default&#8221;]<\/p>\n<div class=\"separador60\"><!-- [et_pb_line_break_holder] -->  <!-- [et_pb_line_break_holder] --><\/div>\n<p>[\/et_pb_code][\/et_pb_column][\/et_pb_row][et_pb_row module_class=&#8221;section_domperignon_desc_gal&#8221; _builder_version=&#8221;4.7.3&#8243; _module_preset=&#8221;default&#8221; animation_style=&#8221;fade&#8221; animation_duration=&#8221;1200ms&#8221; animation_delay=&#8221;500ms&#8221;][et_pb_column type=&#8221;4_4&#8243; _builder_version=&#8221;4.7.3&#8243; _module_preset=&#8221;default&#8221;][et_pb_image src=&#8221;https:\/\/www.bespoke23.com\/dom-perignon\/wp-content\/uploads\/2020\/12\/cajaDomPerignon_5.jpg&#8221; title_text=&#8221;cajaDomPerignon_5&#8243; show_in_lightbox=&#8221;on&#8221; _builder_version=&#8221;4.7.3&#8243; _module_preset=&#8221;default&#8221;][\/et_pb_image][et_pb_image src=&#8221;https:\/\/www.bespoke23.com\/dom-perignon\/wp-content\/uploads\/2020\/12\/cajaDomPerignon_2.jpg&#8221; title_text=&#8221;cajaDomPerignon_2&#8243; show_in_lightbox=&#8221;on&#8221; _builder_version=&#8221;4.7.3&#8243; _module_preset=&#8221;default&#8221;][\/et_pb_image][et_pb_image src=&#8221;https:\/\/www.bespoke23.com\/dom-perignon\/wp-content\/uploads\/2020\/12\/cajaDomPerignon_4.jpg&#8221; title_text=&#8221;cajaDomPerignon_4&#8243; show_in_lightbox=&#8221;on&#8221; _builder_version=&#8221;4.7.3&#8243; _module_preset=&#8221;default&#8221;][\/et_pb_image][et_pb_image src=&#8221;https:\/\/www.bespoke23.com\/dom-perignon\/wp-content\/uploads\/2020\/12\/cajaDomPerignon_3.jpg&#8221; title_text=&#8221;cajaDomPerignon_3&#8243; show_in_lightbox=&#8221;on&#8221; _builder_version=&#8221;4.7.3&#8243; _module_preset=&#8221;default&#8221;][\/et_pb_image][et_pb_image src=&#8221;https:\/\/www.bespoke23.com\/dom-perignon\/wp-content\/uploads\/2020\/12\/cajaDomPerignon_1.jpg&#8221; title_text=&#8221;cajaDomPerignon_1&#8243; show_in_lightbox=&#8221;on&#8221; _builder_version=&#8221;4.7.3&#8243; _module_preset=&#8221;default&#8221;][\/et_pb_image][et_pb_image src=&#8221;https:\/\/www.bespoke23.com\/dom-perignon\/wp-content\/uploads\/2020\/12\/cajaDomPerignon_5.jpg&#8221; title_text=&#8221;cajaDomPerignon_5&#8243; show_in_lightbox=&#8221;on&#8221; _builder_version=&#8221;4.7.3&#8243; _module_preset=&#8221;default&#8221;][\/et_pb_image][et_pb_image src=&#8221;https:\/\/www.bespoke23.com\/dom-perignon\/wp-content\/uploads\/2020\/12\/cajaDomPerignon_2.jpg&#8221; title_text=&#8221;cajaDomPerignon_2&#8243; show_in_lightbox=&#8221;on&#8221; _builder_version=&#8221;4.7.3&#8243; _module_preset=&#8221;default&#8221;][\/et_pb_image][et_pb_image src=&#8221;https:\/\/www.bespoke23.com\/dom-perignon\/wp-content\/uploads\/2020\/12\/cajaDomPerignon_4.jpg&#8221; title_text=&#8221;cajaDomPerignon_4&#8243; show_in_lightbox=&#8221;on&#8221; _builder_version=&#8221;4.7.3&#8243; _module_preset=&#8221;default&#8221;][\/et_pb_image][et_pb_image src=&#8221;https:\/\/www.bespoke23.com\/dom-perignon\/wp-content\/uploads\/2020\/12\/cajaDomPerignon_3.jpg&#8221; title_text=&#8221;cajaDomPerignon_3&#8243; show_in_lightbox=&#8221;on&#8221; _builder_version=&#8221;4.7.3&#8243; _module_preset=&#8221;default&#8221;][\/et_pb_image][et_pb_image src=&#8221;https:\/\/www.bespoke23.com\/dom-perignon\/wp-content\/uploads\/2020\/12\/cajaDomPerignon_1.jpg&#8221; title_text=&#8221;cajaDomPerignon_1&#8243; show_in_lightbox=&#8221;on&#8221; _builder_version=&#8221;4.7.3&#8243; _module_preset=&#8221;default&#8221;][\/et_pb_image][\/et_pb_column][\/et_pb_row][et_pb_row _builder_version=&#8221;4.7.3&#8243; _module_preset=&#8221;default&#8221;][et_pb_column type=&#8221;4_4&#8243; _builder_version=&#8221;4.7.3&#8243; _module_preset=&#8221;default&#8221;][et_pb_code _builder_version=&#8221;4.7.3&#8243; _module_preset=&#8221;default&#8221;]<\/p>\n<div class=\"separador120\"><!-- [et_pb_line_break_holder] -->  <!-- [et_pb_line_break_holder] --><\/div>\n<p>[\/et_pb_code][\/et_pb_column][\/et_pb_row][et_pb_row column_structure=&#8221;1_3,1_3,1_3&#8243; module_class=&#8221;section_domperignon_desc_ico&#8221; _builder_version=&#8221;4.7.3&#8243; _module_preset=&#8221;default&#8221;][et_pb_column type=&#8221;1_3&#8243; _builder_version=&#8221;4.7.3&#8243; _module_preset=&#8221;default&#8221; animation_style=&#8221;fade&#8221; animation_duration=&#8221;1200ms&#8221; animation_delay=&#8221;400ms&#8221;][et_pb_image src=&#8221;https:\/\/www.bespoke23.com\/dom-perignon\/wp-content\/uploads\/2020\/11\/icon1.svg&#8221; title_text=&#8221;icon1&#8243; _builder_version=&#8221;4.7.3&#8243; _module_preset=&#8221;default&#8221;][\/et_pb_image][et_pb_text _builder_version=&#8221;4.7.3&#8243; _module_preset=&#8221;default&#8221;]<\/p>\n<h4>CONTENIDO<\/h4>\n<p>Cofre con botella de Dom P\u00e9rignon Vintage 2010, dos copas Riedel y bandeja de degustaci\u00f3n con snacks del Chef Albert Adri\u00e0.<\/p>\n<p>[\/et_pb_text][\/et_pb_column][et_pb_column type=&#8221;1_3&#8243; _builder_version=&#8221;4.7.3&#8243; _module_preset=&#8221;default&#8221; animation_style=&#8221;fade&#8221; animation_duration=&#8221;1200ms&#8221; animation_delay=&#8221;600ms&#8221;][et_pb_image src=&#8221;https:\/\/www.bespoke23.com\/dom-perignon\/wp-content\/uploads\/2020\/11\/icon3.svg&#8221; title_text=&#8221;icon3&#8243; _builder_version=&#8221;4.7.3&#8243; _module_preset=&#8221;default&#8221;][\/et_pb_image][et_pb_text _builder_version=&#8221;4.7.3&#8243; _module_preset=&#8221;default&#8221;]<\/p>\n<h4>DISPONIBILIDAD<\/h4>\n<p>A partir del 15 de <br \/>diciembre y hasta agotar <br \/>existencias.<\/p>\n<p>[\/et_pb_text][\/et_pb_column][et_pb_column type=&#8221;1_3&#8243; _builder_version=&#8221;4.7.3&#8243; _module_preset=&#8221;default&#8221; animation_style=&#8221;fade&#8221; animation_duration=&#8221;1200ms&#8221; animation_delay=&#8221;800ms&#8221;][et_pb_image src=&#8221;https:\/\/www.bespoke23.com\/dom-perignon\/wp-content\/uploads\/2020\/11\/icon2.svg&#8221; title_text=&#8221;icon2&#8243; _builder_version=&#8221;4.7.3&#8243; _module_preset=&#8221;default&#8221;][\/et_pb_image][et_pb_text _builder_version=&#8221;4.7.3&#8243; _module_preset=&#8221;default&#8221;]<\/p>\n<h4>COMPRA<\/h4>\n<p>Al tener un stock muy limitado, su compra solo est\u00e1 disponible a trav\u00e9s de este sitio web.<\/p>\n<p>[\/et_pb_text][\/et_pb_column][\/et_pb_row][et_pb_row _builder_version=&#8221;4.7.3&#8243; _module_preset=&#8221;default&#8221;][et_pb_column type=&#8221;4_4&#8243; _builder_version=&#8221;4.7.3&#8243; _module_preset=&#8221;default&#8221;][et_pb_code _builder_version=&#8221;4.7.3&#8243; _module_preset=&#8221;default&#8221;]<\/p>\n<div class=\"separador90\"><!-- [et_pb_line_break_holder] -->  <!-- [et_pb_line_break_holder] --><\/div>\n<p>[\/et_pb_code][\/et_pb_column][\/et_pb_row][\/et_pb_section][et_pb_section fb_built=&#8221;1&#8243; module_class=&#8221;section_domperignon_tabs&#8221; _builder_version=&#8221;4.7.3&#8243; _module_preset=&#8221;default&#8221;][et_pb_row _builder_version=&#8221;4.7.3&#8243; _module_preset=&#8221;default&#8221;][et_pb_column type=&#8221;4_4&#8243; _builder_version=&#8221;4.7.3&#8243; _module_preset=&#8221;default&#8221;][et_pb_code _builder_version=&#8221;4.7.3&#8243; _module_preset=&#8221;default&#8221;]<\/p>\n<div class=\"separador90\"><!-- [et_pb_line_break_holder] -->  <!-- [et_pb_line_break_holder] --><\/div>\n<p>[\/et_pb_code][et_pb_text _builder_version=&#8221;4.7.3&#8243; _module_preset=&#8221;default&#8221; animation_style=&#8221;fade&#8221; animation_duration=&#8221;1200ms&#8221; animation_delay=&#8221;400ms&#8221;]<\/p>\n<h3>\u00bfQuieres <strong>saber m\u00e1s?<\/strong><\/h3>\n<p>[\/et_pb_text][et_pb_code _builder_version=&#8221;4.7.3&#8243; _module_preset=&#8221;default&#8221;]<\/p>\n<div class=\"separador60\"><!-- [et_pb_line_break_holder] -->  <!-- [et_pb_line_break_holder] --><\/div>\n<p>[\/et_pb_code][et_pb_accordion _builder_version=&#8221;4.7.3&#8243; _module_preset=&#8221;default&#8221; animation_style=&#8221;fade&#8221; animation_duration=&#8221;1200ms&#8221; animation_delay=&#8221;400ms&#8221;][et_pb_accordion_item title=&#8221;Dom P\u00e9rignon Vintage 2010&#8243; open=&#8221;on&#8221; _builder_version=&#8221;4.7.3&#8243; _module_preset=&#8221;default&#8221;]<\/p>\n<p>Dom P\u00e9rignon Vintage 2010 fue una verdadera apuesta, <strong>fruto del inquebrantable compromiso de expresar la naturaleza y del poder de la inspiraci\u00f3n y la maestr\u00eda m\u00e1s experimentada.<\/strong> El tiempo es una parte integral de la ecuaci\u00f3n de Dom P\u00e9rignon y la <strong>lenta metamorfosis del Vintage 2010 exigi\u00f3 casi una d\u00e9cada.<\/strong> El paso del tiempo revela hoy la grandeza de esta cosecha de la que Dom P\u00e9rignon es de los pocos testigos.<\/p>\n<p>[\/et_pb_accordion_item][et_pb_accordion_item title=&#8221;Dom P\u00e9rignon y Albert Adri\u00e0&#8221; _builder_version=&#8221;4.7.3&#8243; _module_preset=&#8221;default&#8221; open=&#8221;off&#8221;]<\/p>\n<p>Dom P\u00e9rignon y el chef con cuatro estrellas Michelin, Albert Adri\u00e0, se unen una vez m\u00e1s para crear <strong>CONTRASTES, la experiencia degustativa \u00fanica para estas Navidades.<\/strong> Ya son muchos a\u00f1os de relaci\u00f3n entre la Maison Dom P\u00e9rignon y el Chef, nombrado mejor pastelero por <strong>The World&#8217;s 50 Best en 2015<\/strong> y <strong>Premio Nacional de Gastronom\u00eda en 2018<\/strong>, para crear experiencias gastron\u00f3micas in\u00e9ditas. En esta ocasi\u00f3n <strong>Albert Adri\u00e0 firma una edici\u00f3n limitada de 100 piezas para disfrutar en casa<\/strong> basada en una selecci\u00f3n de sus snacks m\u00e1s emblem\u00e1ticos de El Bull\u00ed y Tickets, junto a la excelencia de la nueva a\u00f1ada de Dom P\u00e9rignon, Vintage 2010.<\/p>\n<p>[\/et_pb_accordion_item][et_pb_accordion_item title=&#8221;Experiencia CONTRASTES&#8221; _builder_version=&#8221;4.7.3&#8243; _module_preset=&#8221;default&#8221; open=&#8221;off&#8221;]<\/p>\n<p>El cofre, <strong>en edici\u00f3n limitada de 100 unidades numeradas,<\/strong> se presenta en una enigm\u00e1tica caja negra protegida por el escudo de Dom P\u00e9rignon como llave de acceso. En su interior, un promisorio viaje por el que se sucede lentamente, dando tiempo a la afloraci\u00f3n de los sentidos, al deleite superlativo, a la elevaci\u00f3n de <strong>la experiencia de degustaci\u00f3n m\u00e1s reveladora.<\/strong><\/p>\n<p>[\/et_pb_accordion_item][\/et_pb_accordion][et_pb_code _builder_version=&#8221;4.7.3&#8243; _module_preset=&#8221;default&#8221;]<\/p>\n<div class=\"separador120\"><!-- [et_pb_line_break_holder] -->  <!-- [et_pb_line_break_holder] --><\/div>\n<p>[\/et_pb_code][et_pb_video src=&#8221;https:\/\/www.bespoke23.com\/dom-perignon\/wp-content\/themes\/Divi-child\/assets\/video_AlbertAdria.mp4&#8243; src_webm=&#8221;https:\/\/www.bespoke23.com\/dom-perignon\/wp-content\/themes\/Divi-child\/assets\/video_AlbertAdria.webm&#8221; image_src=&#8221;https:\/\/www.bespoke23.com\/dom-perignon\/wp-content\/uploads\/2020\/12\/capturaVideo.jpg&#8221; play_icon_color=&#8221;#CBB77F&#8221; thumbnail_overlay_color=&#8221;rgba(0,0,0,0.6)&#8221; _builder_version=&#8221;4.7.3&#8243; _module_preset=&#8221;default&#8221; animation_style=&#8221;fade&#8221; animation_duration=&#8221;1200ms&#8221; animation_delay=&#8221;400ms&#8221;][\/et_pb_video][et_pb_code _builder_version=&#8221;4.7.3&#8243; _module_preset=&#8221;default&#8221;]<\/p>\n<div class=\"separador90\"><!-- [et_pb_line_break_holder] -->  <!-- [et_pb_line_break_holder] --><\/div>\n<p>[\/et_pb_code][et_pb_text _builder_version=&#8221;4.7.3&#8243; _module_preset=&#8221;default&#8221; animation_style=&#8221;fade&#8221; animation_duration=&#8221;1200ms&#8221; animation_delay=&#8221;400ms&#8221; hover_transition_speed_curve=&#8221;ease-in-out&#8221;]<\/p>\n<h3><strong>Consigue ahora<\/strong> CONTRASTES<br \/>de Dom P\u00e9rignon x Albert Adri\u00e0<\/h3>\n<p>[\/et_pb_text][et_pb_wc_add_to_cart product=&#8221;623&#8243; show_quantity=&#8221;off&#8221; show_stock=&#8221;off&#8221; admin_label=&#8221;Woo A\u00f1adir al carrito&#8221; _builder_version=&#8221;4.7.3&#8243; _module_preset=&#8221;default&#8221; animation_style=&#8221;fade&#8221; animation_duration=&#8221;1200ms&#8221; animation_delay=&#8221;600ms&#8221;][\/et_pb_wc_add_to_cart][et_pb_code _builder_version=&#8221;4.7.3&#8243; _module_preset=&#8221;default&#8221;]<\/p>\n<div class=\"separador120\"><!-- [et_pb_line_break_holder] -->  <!-- [et_pb_line_break_holder] --><\/div>\n<p>[\/et_pb_code][\/et_pb_column][\/et_pb_row][\/et_pb_section]<\/p>\n","protected":false},"excerpt":{"rendered":"<p>[et_pb_section fb_built=&#8221;1&#8243; module_class=&#8221;section_domperignon_hero&#8221; _builder_version=&#8221;4.7.3&#8243; _module_preset=&#8221;default&#8221;][et_pb_row column_structure=&#8221;1_3,1_3,1_3&#8243; _builder_version=&#8221;4.7.3&#8243; _module_preset=&#8221;default&#8221;][et_pb_column type=&#8221;1_3&#8243; _builder_version=&#8221;4.7.3&#8243; _module_preset=&#8221;default&#8221;][et_pb_text _builder_version=&#8221;4.7.3&#8243; _module_preset=&#8221;default&#8221; animation_style=&#8221;fade&#8221; animation_duration=&#8221;1500ms&#8221; animation_delay=&#8221;300ms&#8221; hover_transition_speed_curve=&#8221;ease-in-out&#8221;] Ya puede conseguir la edici\u00f3n limitada CONTRASTES de Dom P\u00e9rignon x Albert Adri\u00e0 [\/et_pb_text][\/et_pb_column][et_pb_column type=&#8221;1_3&#8243; _builder_version=&#8221;4.7.3&#8243; _module_preset=&#8221;default&#8221;][\/et_pb_column][et_pb_column type=&#8221;1_3&#8243; _builder_version=&#8221;4.7.3&#8243; _module_preset=&#8221;default&#8221;][et_pb_text _builder_version=&#8221;4.7.3&#8243; _module_preset=&#8221;default&#8221; animation_style=&#8221;fade&#8221; animation_duration=&#8221;1500ms&#8221; animation_delay=&#8221;300ms&#8221; hover_enabled=&#8221;0&#8243; sticky_enabled=&#8221;0&#8243;] 100 PIEZAS DISPONIBLES Una degustaci\u00f3n in\u00e9dita en casa en la que [&hellip;]<\/p>\n","protected":false},"author":1,"featured_media":0,"parent":0,"menu_order":0,"comment_status":"closed","ping_status":"closed","template":"","meta":{"_et_pb_use_builder":"on","_et_pb_old_content":"","_et_gb_content_width":""},"_links":{"self":[{"href":"https:\/\/www.bespoke23.com\/dom-perignon\/wp-json\/wp\/v2\/pages\/571"}],"collection":[{"href":"https:\/\/www.bespoke23.com\/dom-perignon\/wp-json\/wp\/v2\/pages"}],"about":[{"href":"https:\/\/www.bespoke23.com\/dom-perignon\/wp-json\/wp\/v2\/types\/page"}],"author":[{"embeddable":true,"href":"https:\/\/www.bespoke23.com\/dom-perignon\/wp-json\/wp\/v2\/users\/1"}],"replies":[{"embeddable":true,"href":"https:\/\/www.bespoke23.com\/dom-perignon\/wp-json\/wp\/v2\/comments?post=571"}],"version-history":[{"count":47,"href":"https:\/\/www.bespoke23.com\/dom-perignon\/wp-json\/wp\/v2\/pages\/571\/revisions"}],"predecessor-version":[{"id":852,"href":"https:\/\/www.bespoke23.com\/dom-perignon\/wp-json\/wp\/v2\/pages\/571\/revisions\/852"}],"wp:attachment":[{"href":"https:\/\/www.bespoke23.com\/dom-perignon\/wp-json\/wp\/v2\/media?parent=571"}],"curies":[{"name":"wp","href":"https:\/\/api.w.org\/{rel}","templated":true}]}}